{"id":4023,"date":"2020-10-09T23:28:28","date_gmt":"2020-10-09T20:28:28","guid":{"rendered":"http:\/\/drzeynepkamalak.com\/?page_id=4023"},"modified":"2020-10-21T17:48:35","modified_gmt":"2020-10-21T14:48:35","slug":"doc-dr-zeynep-kamalak-kadin-sagligi-estetik-ve-dogum-klinigi","status":"publish","type":"page","link":"https:\/\/drzeynepkamalak.com\/uzmanliklarimiz","title":{"rendered":"Uzmanl\u0131klar\u0131m\u0131z"},"content":{"rendered":"\t\t<div data-elementor-type=\"wp-page\" data-elementor-id=\"4023\" class=\"elementor elementor-4023\">\n\t\t\t\t\t\t<section class=\"elementor-section elementor-top-section elementor-element elementor-element-4edb elementor-section-boxed elementor-section-height-default elementor-section-height-default\" data-id=\"4edb\" data-element_type=\"section\" data-settings=\"{&quot;background_background&quot;:&quot;classic&quot;}\">\n\t\t\t\t\t\t<div class=\"elementor-container elementor-column-gap-default\">\n\t\t\t\t\t<div class=\"elementor-column elementor-col-50 elementor-top-column elementor-element elementor-element-248c\" data-id=\"248c\" data-element_type=\"column\">\n\t\t\t<div class=\"elementor-widget-wrap elementor-element-populated\">\n\t\t\t\t\t\t<div class=\"elementor-element elementor-element-4260 elementor-widget elementor-widget-elementskit-heading\" data-id=\"4260\" data-element_type=\"widget\" data-widget_type=\"elementskit-heading.default\">\n\t\t\t\t<div class=\"elementor-widget-container\">\n\t\t\t\t\t<div class=\"ekit-wid-con\" ><div class=\"ekit-heading elementskit-section-title-wraper text_left   ekit_heading_tablet-   ekit_heading_mobile-\"><span class=\"elementskit-section-subtitle  elementskit-style-border\">\n\t\t\t\t\t\tKnow Who We Are\n\t\t\t\t\t<\/span><h2 class=\"ekit-heading--title elementskit-section-title \">About our company<\/h2><\/div><\/div>\t\t\t\t<\/div>\n\t\t\t\t<\/div>\n\t\t\t\t<div class=\"elementor-element elementor-element-3319 elementor-widget elementor-widget-text-editor\" data-id=\"3319\" data-element_type=\"widget\" data-widget_type=\"text-editor.default\">\n\t\t\t\t<div class=\"elementor-widget-container\">\n\t\t\t\t\t\t\t\t\t<p>It\u2019s an approach that brings together the best of financial planning and the best of investment management.<\/p>\t\t\t\t\t\t\t\t<\/div>\n\t\t\t\t<\/div>\n\t\t\t\t<div class=\"elementor-element elementor-element-fde elementor-widget elementor-widget-text-editor\" data-id=\"fde\" data-element_type=\"widget\" data-widget_type=\"text-editor.default\">\n\t\t\t\t<div class=\"elementor-widget-container\">\n\t\t\t\t\t\t\t\t\t<p>A business strategy is the means by which it sets out to achieve desired ends. You have ideas, goals, and dreams. We have a culturally diverse, forward thinking team looking for talent like you.<\/p>\t\t\t\t\t\t\t\t<\/div>\n\t\t\t\t<\/div>\n\t\t\t\t<div class=\"elementor-element elementor-element-15bf elementor-widget elementor-widget-text-editor\" data-id=\"15bf\" data-element_type=\"widget\" data-widget_type=\"text-editor.default\">\n\t\t\t\t<div class=\"elementor-widget-container\">\n\t\t\t\t\t\t\t\t\t<p>A business strategy is the means by which it sets out to achieve desired ends. You have ideas, goals, and dreams. We have a culturally diverse, forward thinking team looking for talent like you.<\/p>\t\t\t\t\t\t\t\t<\/div>\n\t\t\t\t<\/div>\n\t\t\t\t\t<\/div>\n\t\t<\/div>\n\t\t\t\t<div class=\"elementor-column elementor-col-50 elementor-top-column elementor-element elementor-element-4bea\" data-id=\"4bea\" data-element_type=\"column\" data-settings=\"{&quot;background_background&quot;:&quot;classic&quot;}\">\n\t\t\t<div class=\"elementor-widget-wrap elementor-element-populated\">\n\t\t\t\t\t<div class=\"elementor-background-overlay\"><\/div>\n\t\t\t\t\t\t<div class=\"elementor-element elementor-element-67d5 elementor-widget elementor-widget-elementskit-video\" data-id=\"67d5\" data-element_type=\"widget\" data-widget_type=\"elementskit-video.default\">\n\t\t\t\t<div class=\"elementor-widget-container\">\n\t\t\t\t\t<div class=\"ekit-wid-con\" >\t\t<div class=\"video-content\" data-video-player=\"[]\" data-video-setting=\"{&quot;videoVolume&quot;:&quot;horizontal&quot;,&quot;startVolume&quot;:0.8,&quot;videoType&quot;:&quot;iframe&quot;,&quot;videoClass&quot;:&quot;mfp-fade&quot;,&quot;popupIcon&quot;:{&quot;value&quot;:&quot;icon icon-cancel&quot;,&quot;library&quot;:&quot;ekiticons&quot;},&quot;videoStyle&quot;:&quot;popup&quot;,&quot;videoTypeName&quot;:&quot;youtube&quot;,&quot;autoplay&quot;:false,&quot;muted&quot;:false,&quot;loop&quot;:false}\">\n\t\t\t\n<a class=\"ekit_icon_button glow-ripple ekit-video-popup ekit-video-popup-btn\" href=\"https:\/\/www.youtube.com\/embed\/T-fXzUsPZtM?feature=oembed?playlist=T-fXzUsPZtM&amp;mute=0&amp;autoplay=0&amp;loop=no&amp;controls=0&amp;start=0&amp;end=\" aria-label=\"video-popup\">\n\t\t\t\t<svg class=\"ekit-svg-icon icon-play\" viewBox=\"0 0 32 32\" xmlns=\"http:\/\/www.w3.org\/2000\/svg\"><path d=\"M30.231 9.075c-1.119-2.175-2.756-4.094-4.725-5.55-0.288-0.212-0.7-0.15-0.913 0.138s-0.15 0.7 0.137 0.912c1.813 1.338 3.313 3.1 4.344 5.1 1.081 2.094 1.625 4.356 1.625 6.725 0 8.106-6.594 14.7-14.7 14.7s-14.7-6.594-14.7-14.7 6.594-14.7 14.7-14.7c0.363 0 0.65-0.294 0.65-0.65s-0.288-0.65-0.65-0.65c-8.825 0-16 7.175-16 16s7.175 16 16 16 16-7.175 16-16c0-2.544-0.613-5.075-1.769-7.325zM11.906 8.969c-0.206 0.119-0.331 0.331-0.331 0.569v14.294c0 0.363 0.294 0.65 0.65 0.65s0.65-0.294 0.65-0.65v-13.15l9.644 5.737-7.088 4.569c-0.3 0.194-0.387 0.6-0.194 0.9s0.6 0.387 0.9 0.194l7.975-5.137c0.188-0.125 0.3-0.331 0.3-0.556-0.006-0.225-0.125-0.431-0.319-0.55l-11.531-6.863c-0.206-0.119-0.45-0.119-0.656-0.006z\"><\/path><\/svg>\t\t\n\t\t\t<\/a>\n\t\t\t\t\t<\/div>\n\t\t<\/div>\t\t\t\t<\/div>\n\t\t\t\t<\/div>\n\t\t\t\t\t<\/div>\n\t\t<\/div>\n\t\t\t\t\t<\/div>\n\t\t<\/section>\n\t\t\t\t<\/div>\n\t\t","protected":false},"excerpt":{"rendered":"<p>Know Who We Are About our company It\u2019s an approach that brings together the best of financial planning and the best of investment management. A business strategy is the means by which it sets out to achieve desired ends. You have ideas, goals, and dreams. We have a culturally diverse, forward thinking team looking for&hellip;&nbsp;<a href=\"https:\/\/drzeynepkamalak.com\/uzmanliklarimiz\" rel=\"bookmark\"><span class=\"screen-reader-text\">Uzmanl\u0131klar\u0131m\u0131z<\/span><\/a><\/p>\n","protected":false},"author":1,"featured_media":0,"parent":0,"menu_order":0,"comment_status":"closed","ping_status":"closed","template":"","meta":{"neve_meta_sidebar":"","neve_meta_container":"","neve_meta_enable_content_width":"","neve_meta_content_width":0,"neve_meta_title_alignment":"","neve_meta_author_avatar":"","neve_post_elements_order":"","neve_meta_disable_header":"","neve_meta_disable_footer":"","neve_meta_disable_title":"","footnotes":""},"class_list":["post-4023","page","type-page","status-publish","hentry"],"_links":{"self":[{"href":"https:\/\/drzeynepkamalak.com\/index.php?rest_route=\/wp\/v2\/pages\/4023","targetHints":{"allow":["GET"]}}],"collection":[{"href":"https:\/\/drzeynepkamalak.com\/index.php?rest_route=\/wp\/v2\/pages"}],"about":[{"href":"https:\/\/drzeynepkamalak.com\/index.php?rest_route=\/wp\/v2\/types\/page"}],"author":[{"embeddable":true,"href":"https:\/\/drzeynepkamalak.com\/index.php?rest_route=\/wp\/v2\/users\/1"}],"replies":[{"embeddable":true,"href":"https:\/\/drzeynepkamalak.com\/index.php?rest_route=%2Fwp%2Fv2%2Fcomments&post=4023"}],"version-history":[{"count":5,"href":"https:\/\/drzeynepkamalak.com\/index.php?rest_route=\/wp\/v2\/pages\/4023\/revisions"}],"predecessor-version":[{"id":4041,"href":"https:\/\/drzeynepkamalak.com\/index.php?rest_route=\/wp\/v2\/pages\/4023\/revisions\/4041"}],"wp:attachment":[{"href":"https:\/\/drzeynepkamalak.com\/index.php?rest_route=%2Fwp%2Fv2%2Fmedia&parent=4023"}],"curies":[{"name":"wp","href":"https:\/\/api.w.org\/{rel}","templated":true}]}}